{"id":4563,"date":"2015-11-20T11:45:52","date_gmt":"2015-11-20T10:45:52","guid":{"rendered":"http:\/\/botanico.uclm.es\/en\/instituto-botanico\/"},"modified":"2015-11-20T12:00:50","modified_gmt":"2015-11-20T11:00:50","slug":"instituto-botanico","status":"publish","type":"page","link":"https:\/\/botanico.uclm.es\/en\/instituto-botanico\/","title":{"rendered":"Botanical Institute"},"content":{"rendered":"<style type=\"text\/css\"> \n#cmsms_row_69d297ea014fb .cmsms_row_outer_parent { \n\tpadding-top: 0px; \n} \n\n#cmsms_row_69d297ea014fb .cmsms_row_outer_parent { \n\tpadding-bottom: 50px; \n} \n\n \n#cmsms_divider_69d297ea0167e { \n\tpadding-top:10px; \n\tmargin-bottom:10px; \n} \n \n#cmsms_divider_69d297ea020ca { \n\tpadding-top:10px; \n\tmargin-bottom:10px; \n} \n \n#cmsms_row_69d297ea021b9 { \n\tbackground-image: url(https:\/\/botanico.uclm.es\/wp-content\/uploads\/2015\/09\/03.jpg); \n\tbackground-position: top center; \n\tbackground-repeat: repeat-y; \n\tbackground-attachment: scroll; \n\tbackground-size: cover; \n} \n\n#cmsms_row_69d297ea021b9 .cmsms_row_outer_parent { \n\tpadding-top: 40px; \n} \n\n#cmsms_row_69d297ea021b9 .cmsms_row_outer_parent { \n\tpadding-bottom: 20px; \n} \n\n#cmsms_row_69d297ea021b9 .cmsms_row_overlay { \n\tbackground-color: #000000; \n\topacity: 0.5; \n} \n\n<\/style><div id=\"cmsms_row_69d297ea014fb\" class=\"cmsms_row cmsms_color_scheme_default\">\n<div class=\"cmsms_row_outer_parent\">\n<div class=\"cmsms_row_outer\">\n<div class=\"cmsms_row_inner\">\n<div class=\"cmsms_row_margin\">\n<div class=\"cmsms_column one_half\">\n<div id=\"cmsms_divider_69d297ea0167e\" class=\"cl\"><\/div><div class=\"aligncenter\">\n<div class=\"cmsms_img  cmsms_image_c\">\n<a href=\"http:\/\/botanico.uclm.es\/wp-content\/uploads\/2015\/11\/instituto_46430701.jpg\"><img src=\"https:\/\/botanico.uclm.es\/wp-content\/uploads\/2015\/11\/instituto_46430701.jpg\" \/><\/a>\n<\/div>\n<\/div>\n<\/div>\n<div class=\"cmsms_column one_half\">\n<div id=\"cmsms_divider_69d297ea020ca\" class=\"cl\"><\/div><div class=\"cmsms_text\">\n<h2>EL INSTITUTO BOT\u00c1NICO DE LA UNIVERSIDAD DE CASTILLA-LA MANCHA<\/h2>\n<h3>ANTECEDENTES<\/h3>\n<p>El Instituto Bot\u00e1nico de Castilla-La Mancha se ubica en una zona pr\u00f3xima al Campus Universitario de Albacete, separado de \u00e9ste por un gran viario, localiz\u00e1ndose en el interior de las instalaciones del Jard\u00edn Bot\u00e1nico.<\/p>\n<h3>OBJETIVOS<\/h3>\n<ul>\n<li>La investigaci\u00f3n cient\u00edfica en los \u00e1mbitos del mundo vegetal<\/li>\n<li>La conservaci\u00f3n de recursos gen\u00e9ticos vegetales de la regi\u00f3n<\/li>\n<li>Servir de herramienta did\u00e1ctica y cultural<\/li>\n<li>Desarrollar servicios relacionados con el \u00e1mbito del mundo vegetal<\/li>\n<\/ul>\n<\/div>\n<\/div>\n<\/div>\n<\/div>\n<\/div>\n<\/div>\n<\/div>\n<div id=\"cmsms_row_69d297ea021b9\" class=\"cmsms_row cmsms_color_scheme_first\">\n<div class=\"cmsms_row_outer_parent\">\n<div class=\"cmsms_row_overlay\"><\/div>\n<div class=\"cmsms_row_outer\">\n<div class=\"cmsms_row_inner\">\n<div class=\"cmsms_row_margin\">\n<div class=\"cmsms_column one_first\">\n<div class=\"cmsms_sidebar sidebar_layout_14141414\"><div class=\"cl\"><\/div>\n<\/div>\n<\/div>\n<\/div>\n<\/div>\n<\/div>\n<\/div>\n<\/div>\n\n","protected":false},"excerpt":{"rendered":"","protected":false},"author":1,"featured_media":0,"parent":0,"menu_order":0,"comment_status":"closed","ping_status":"closed","template":"","meta":[],"yoast_head":"<!-- This site is optimized with the Yoast SEO plugin v19.9 - https:\/\/yoast.com\/wordpress\/plugins\/seo\/ -->\n<title>Botanical Institute - Instituto Bot\u00e1nico<\/title>\n<meta name=\"robots\" content=\"index, follow, max-snippet:-1, max-image-preview:large, max-video-preview:-1\" \/>\n<link rel=\"canonical\" href=\"https:\/\/botanico.uclm.es\/en\/instituto-botanico\/\" \/>\n<meta property=\"og:locale\" content=\"en_US\" \/>\n<meta property=\"og:type\" content=\"article\" \/>\n<meta property=\"og:title\" content=\"Botanical Institute - Instituto Bot\u00e1nico\" \/>\n<meta property=\"og:url\" content=\"https:\/\/botanico.uclm.es\/en\/instituto-botanico\/\" \/>\n<meta property=\"og:site_name\" content=\"Instituto Bot\u00e1nico\" \/>\n<meta property=\"article:modified_time\" content=\"2015-11-20T11:00:50+00:00\" \/>\n<meta name=\"twitter:card\" content=\"summary_large_image\" \/>\n<meta name=\"twitter:label1\" content=\"Est. reading time\" \/>\n\t<meta name=\"twitter:data1\" content=\"1 minute\" \/>\n<script type=\"application\/ld+json\" class=\"yoast-schema-graph\">{\"@context\":\"https:\/\/schema.org\",\"@graph\":[{\"@type\":\"WebPage\",\"@id\":\"https:\/\/botanico.uclm.es\/en\/instituto-botanico\/\",\"url\":\"https:\/\/botanico.uclm.es\/en\/instituto-botanico\/\",\"name\":\"Botanical Institute - Instituto Bot\u00e1nico\",\"isPartOf\":{\"@id\":\"https:\/\/botanico.uclm.es\/#website\"},\"datePublished\":\"2015-11-20T10:45:52+00:00\",\"dateModified\":\"2015-11-20T11:00:50+00:00\",\"breadcrumb\":{\"@id\":\"https:\/\/botanico.uclm.es\/en\/instituto-botanico\/#breadcrumb\"},\"inLanguage\":\"ENH\",\"potentialAction\":[{\"@type\":\"ReadAction\",\"target\":[\"https:\/\/botanico.uclm.es\/en\/instituto-botanico\/\"]}]},{\"@type\":\"BreadcrumbList\",\"@id\":\"https:\/\/botanico.uclm.es\/en\/instituto-botanico\/#breadcrumb\",\"itemListElement\":[{\"@type\":\"ListItem\",\"position\":1,\"name\":\"Portada\",\"item\":\"https:\/\/botanico.uclm.es\/en\/\"},{\"@type\":\"ListItem\",\"position\":2,\"name\":\"Botanical Institute\"}]},{\"@type\":\"WebSite\",\"@id\":\"https:\/\/botanico.uclm.es\/#website\",\"url\":\"https:\/\/botanico.uclm.es\/\",\"name\":\"Instituto Bot\u00e1nico\",\"description\":\"Universidad de Castilla-La Mancha\",\"potentialAction\":[{\"@type\":\"SearchAction\",\"target\":{\"@type\":\"EntryPoint\",\"urlTemplate\":\"https:\/\/botanico.uclm.es\/?s={search_term_string}\"},\"query-input\":\"required name=search_term_string\"}],\"inLanguage\":\"ENH\"}]}<\/script>\n<!-- \/ Yoast SEO plugin. -->","yoast_head_json":{"title":"Botanical Institute - Instituto Bot\u00e1nico","robots":{"index":"index","follow":"follow","max-snippet":"max-snippet:-1","max-image-preview":"max-image-preview:large","max-video-preview":"max-video-preview:-1"},"canonical":"https:\/\/botanico.uclm.es\/en\/instituto-botanico\/","og_locale":"en_US","og_type":"article","og_title":"Botanical Institute - Instituto Bot\u00e1nico","og_url":"https:\/\/botanico.uclm.es\/en\/instituto-botanico\/","og_site_name":"Instituto Bot\u00e1nico","article_modified_time":"2015-11-20T11:00:50+00:00","twitter_card":"summary_large_image","twitter_misc":{"Est. reading time":"1 minute"},"schema":{"@context":"https:\/\/schema.org","@graph":[{"@type":"WebPage","@id":"https:\/\/botanico.uclm.es\/en\/instituto-botanico\/","url":"https:\/\/botanico.uclm.es\/en\/instituto-botanico\/","name":"Botanical Institute - Instituto Bot\u00e1nico","isPartOf":{"@id":"https:\/\/botanico.uclm.es\/#website"},"datePublished":"2015-11-20T10:45:52+00:00","dateModified":"2015-11-20T11:00:50+00:00","breadcrumb":{"@id":"https:\/\/botanico.uclm.es\/en\/instituto-botanico\/#breadcrumb"},"inLanguage":"ENH","potentialAction":[{"@type":"ReadAction","target":["https:\/\/botanico.uclm.es\/en\/instituto-botanico\/"]}]},{"@type":"BreadcrumbList","@id":"https:\/\/botanico.uclm.es\/en\/instituto-botanico\/#breadcrumb","itemListElement":[{"@type":"ListItem","position":1,"name":"Portada","item":"https:\/\/botanico.uclm.es\/en\/"},{"@type":"ListItem","position":2,"name":"Botanical Institute"}]},{"@type":"WebSite","@id":"https:\/\/botanico.uclm.es\/#website","url":"https:\/\/botanico.uclm.es\/","name":"Instituto Bot\u00e1nico","description":"Universidad de Castilla-La Mancha","potentialAction":[{"@type":"SearchAction","target":{"@type":"EntryPoint","urlTemplate":"https:\/\/botanico.uclm.es\/?s={search_term_string}"},"query-input":"required name=search_term_string"}],"inLanguage":"ENH"}]}},"_links":{"self":[{"href":"https:\/\/botanico.uclm.es\/en\/wp-json\/wp\/v2\/pages\/4563"}],"collection":[{"href":"https:\/\/botanico.uclm.es\/en\/wp-json\/wp\/v2\/pages"}],"about":[{"href":"https:\/\/botanico.uclm.es\/en\/wp-json\/wp\/v2\/types\/page"}],"author":[{"embeddable":true,"href":"https:\/\/botanico.uclm.es\/en\/wp-json\/wp\/v2\/users\/1"}],"replies":[{"embeddable":true,"href":"https:\/\/botanico.uclm.es\/en\/wp-json\/wp\/v2\/comments?post=4563"}],"version-history":[{"count":2,"href":"https:\/\/botanico.uclm.es\/en\/wp-json\/wp\/v2\/pages\/4563\/revisions"}],"predecessor-version":[{"id":4567,"href":"https:\/\/botanico.uclm.es\/en\/wp-json\/wp\/v2\/pages\/4563\/revisions\/4567"}],"wp:attachment":[{"href":"https:\/\/botanico.uclm.es\/en\/wp-json\/wp\/v2\/media?parent=4563"}],"curies":[{"name":"wp","href":"https:\/\/api.w.org\/{rel}","templated":true}]}}